{"id":394,"date":"2020-08-31T18:12:55","date_gmt":"2020-08-31T18:12:55","guid":{"rendered":"http:\/\/guerreroesprimero.org.mx\/?page_id=394"},"modified":"2025-02-17T20:57:38","modified_gmt":"2025-02-17T20:57:38","slug":"pagina-vii-encuentro","status":"publish","type":"page","link":"http:\/\/guerreroesprimero.org.mx\/?page_id=394","title":{"rendered":"VII Encuentro"},"content":{"rendered":"\t\t<div data-elementor-type=\"wp-page\" data-elementor-id=\"394\" class=\"elementor elementor-394\" data-elementor-post-type=\"page\">\n\t\t\t\t\t\t<section class=\"elementor-section elementor-top-section elementor-element elementor-element-8475539 elementor-section-boxed elementor-section-height-default elementor-section-height-default\" data-id=\"8475539\" data-element_type=\"section\">\n\t\t\t\t\t\t<div class=\"elementor-container elementor-column-gap-default\">\n\t\t\t\t\t<div class=\"elementor-column elementor-col-100 elementor-top-column elementor-element elementor-element-76fc7f7\" data-id=\"76fc7f7\" data-element_type=\"column\">\n\t\t\t<div class=\"elementor-widget-wrap elementor-element-populated\">\n\t\t\t\t\t\t<div class=\"elementor-element elementor-element-b586727 elementor-widget elementor-widget-text-editor\" data-id=\"b586727\" data-element_type=\"widget\" data-widget_type=\"text-editor.default\">\n\t\t\t\t<div class=\"elementor-widget-container\">\n\t\t\t\t\t\t\t\t\t<h4 style=\"text-align: center;\"><span style=\"color: #000000;\" data-darkreader-inline-color=\"\"><strong>VII Encuentro<\/strong><\/span><\/h4>\t\t\t\t\t\t\t\t<\/div>\n\t\t\t\t<\/div>\n\t\t\t\t\t<\/div>\n\t\t<\/div>\n\t\t\t\t\t<\/div>\n\t\t<\/section>\n\t\t\t\t<section class=\"elementor-section elementor-top-section elementor-element elementor-element-3cedd69 elementor-section-boxed elementor-section-height-default elementor-section-height-default\" data-id=\"3cedd69\" data-element_type=\"section\">\n\t\t\t\t\t\t<div class=\"elementor-container elementor-column-gap-default\">\n\t\t\t\t\t<div class=\"elementor-column elementor-col-100 elementor-top-column elementor-element elementor-element-8b76613\" data-id=\"8b76613\" data-element_type=\"column\">\n\t\t\t<div class=\"elementor-widget-wrap elementor-element-populated\">\n\t\t\t\t\t\t<div class=\"elementor-element elementor-element-8c04991 elementor-widget elementor-widget-text-editor\" data-id=\"8c04991\" data-element_type=\"widget\" data-widget_type=\"text-editor.default\">\n\t\t\t\t<div class=\"elementor-widget-container\">\n\t\t\t\t\t\t\t\t\t<p style=\"text-align: justify;\"><span style=\"color: #000000;\">El viernes 13 de enero de 2017 se llevo\u0301 a cabo el VII Encuentro de Guerrero es Primero en la Biblioteca de la Universidad Americana de Acapulco. La reunio\u0301n conto\u0301 con 85 asistentes integrantes de diferentes organizaciones sociales, iglesias e instituciones acade\u0301micas participantes de la iniciativa, asi\u0301 como el sexto visitador y otros representantes de la Comisio\u0301n Nacional de los Derechos Humanos y de la delegacio\u0301n de la Comisio\u0301n Ejecutiva de Atencio\u0301n a Vi\u0301ctimas en Guerrero.<\/span><\/p><p style=\"text-align: justify;\"><span style=\"color: #000000;\">La reuni\u00f3n tuvo como objetivo revisar los avances en las diferentes tem\u00e1ticas y reflexionar sobre las acciones de 2017. Adem\u00e1s de los avances tem\u00e1ticos y el di\u00e1logo abierto, la reuni\u00f3n tambi\u00e9n contempl\u00f3 un espacio para despedir y agradecer a Monse\u00f1or Carlos Garfias por su participaci\u00f3n en la Secretar\u00eda T\u00e9cnica de Guerrero es Primero, as\u00ed como para clausurar el diplomado &#8220;Derechos Humanos acompa\u00f1amiento a v\u00edctimas y construcci\u00f3n de paz&#8221; y entregar diplomas a los participantes.&nbsp;<\/span><\/p><p style=\"text-align: justify;\"><span style=\"color: #000000;\">Paralelamente a la reuni\u00f3n plenaria se realizaron tres reuniones alternas; la primera&nbsp; se sostuvo con Jorge Carmona, sexto visitador general de la Comisi\u00f3n Nacional de los Derechos Humanos y los actores que expusieron las violaciones a los DESCA en la Costa Grande; en la segunda reuni\u00f3n participaron Fidesur y actores de la Costa Grande para el tema de econom\u00eda social; la tercera fue para el cierre de actividades de los participantes del diplomado para v\u00edctimas.<\/span><\/p>\t\t\t\t\t\t\t\t<\/div>\n\t\t\t\t<\/div>\n\t\t\t\t\t<\/div>\n\t\t<\/div>\n\t\t\t\t\t<\/div>\n\t\t<\/section>\n\t\t\t\t<section class=\"elementor-section elementor-top-section elementor-element elementor-element-249e34f elementor-section-boxed elementor-section-height-default elementor-section-height-default\" data-id=\"249e34f\" data-element_type=\"section\">\n\t\t\t\t\t\t<div class=\"elementor-container elementor-column-gap-default\">\n\t\t\t\t\t<div class=\"elementor-column elementor-col-100 elementor-top-column elementor-element elementor-element-99ac939\" data-id=\"99ac939\" data-element_type=\"column\">\n\t\t\t<div class=\"elementor-widget-wrap elementor-element-populated\">\n\t\t\t\t\t\t<div class=\"elementor-element elementor-element-e03c24b elementor-widget elementor-widget-image\" data-id=\"e03c24b\" data-element_type=\"widget\" data-widget_type=\"image.default\">\n\t\t\t\t<div class=\"elementor-widget-container\">\n\t\t\t\t\t\t\t\t\t\t\t\t\t\t\t<img decoding=\"async\" src=\"http:\/\/guerreroesprimero.org.mx\/wp-content\/uploads\/elementor\/thumbs\/VII-Encuentro-ousf2fosxuri1w7ououxf91wfrga9qk0ioq9s9qdo8.jpg\" title=\"VII Encuentro\" alt=\"VII Encuentro\" loading=\"lazy\" \/>\t\t\t\t\t\t\t\t\t\t\t\t\t\t\t<\/div>\n\t\t\t\t<\/div>\n\t\t\t\t\t<\/div>\n\t\t<\/div>\n\t\t\t\t\t<\/div>\n\t\t<\/section>\n\t\t\t\t<section class=\"elementor-section elementor-top-section elementor-element elementor-element-f9455d1 elementor-section-boxed elementor-section-height-default elementor-section-height-default\" data-id=\"f9455d1\" data-element_type=\"section\">\n\t\t\t\t\t\t<div class=\"elementor-container elementor-column-gap-default\">\n\t\t\t\t\t<div class=\"elementor-column elementor-col-100 elementor-top-column elementor-element elementor-element-4ed9035\" data-id=\"4ed9035\" data-element_type=\"column\">\n\t\t\t<div class=\"elementor-widget-wrap elementor-element-populated\">\n\t\t\t\t\t\t<div class=\"elementor-element elementor-element-171086e elementor-widget elementor-widget-text-editor\" data-id=\"171086e\" data-element_type=\"widget\" data-widget_type=\"text-editor.default\">\n\t\t\t\t<div class=\"elementor-widget-container\">\n\t\t\t\t\t\t\t\t\t<h6><b>Documentos de Consulta<\/b><\/h6><h6><a href=\"http:\/\/guerreroesprimero.org.mx\/wp-content\/uploads\/2020\/09\/VII-Encuentro-G1-S\u00edntesis-Enero2017.pdf\">VII Encuentro G1 S\u00edntesis Enero2017<\/a><\/h6>\t\t\t\t\t\t\t\t<\/div>\n\t\t\t\t<\/div>\n\t\t\t\t\t<\/div>\n\t\t<\/div>\n\t\t\t\t\t<\/div>\n\t\t<\/section>\n\t\t\t\t<\/div>\n\t\t","protected":false},"excerpt":{"rendered":"<p>VII Encuentro El viernes 13 de enero de 2017 se llevo\u0301 a cabo el VII Encuentro de Guerrero es Primero en la Biblioteca de la Universidad Americana de Acapulco. La reunio\u0301n conto\u0301 con 85 asistentes integrantes de diferentes organizaciones sociales, iglesias e instituciones acade\u0301micas participantes de la iniciativa, asi\u0301 como el sexto visitador y otros [&hellip;]<\/p>\n","protected":false},"author":3,"featured_media":0,"parent":612,"menu_order":7,"comment_status":"closed","ping_status":"closed","template":"","meta":{"site-sidebar-layout":"no-sidebar","site-content-layout":"page-builder","ast-site-content-layout":"","site-content-style":"default","site-sidebar-style":"default","ast-global-header-display":"","ast-banner-title-visibility":"","ast-main-header-display":"","ast-hfb-above-header-display":"","ast-hfb-below-header-display":"","ast-hfb-mobile-header-display":"","site-post-title":"disabled","ast-breadcrumbs-content":"","ast-featured-img":"disabled","footer-sml-layout":"","theme-transparent-header-meta":"default","adv-header-id-meta":"","stick-header-meta":"","header-above-stick-meta":"","header-main-stick-meta":"","header-below-stick-meta":"","astra-migrate-meta-layouts":"default","ast-page-background-enabled":"default","ast-page-background-meta":{"desktop":{"background-color":"var(--ast-global-color-4)","background-image":"","background-repeat":"repeat","background-position":"center center","background-size":"auto","background-attachment":"scroll","background-type":"","background-media":"","overlay-type":"","overlay-color":"","overlay-opacity":"","overlay-gradient":""},"tablet":{"background-color":"","background-image":"","background-repeat":"repeat","background-position":"center center","background-size":"auto","background-attachment":"scroll","background-type":"","background-media":"","overlay-type":"","overlay-color":"","overlay-opacity":"","overlay-gradient":""},"mobile":{"background-color":"","background-image":"","background-repeat":"repeat","background-position":"center center","background-size":"auto","background-attachment":"scroll","background-type":"","background-media":"","overlay-type":"","overlay-color":"","overlay-opacity":"","overlay-gradient":""}},"ast-content-background-meta":{"desktop":{"background-color":"var(--ast-global-color-5)","background-image":"","background-repeat":"repeat","background-position":"center center","background-size":"auto","background-attachment":"scroll","background-type":"","background-media":"","overlay-type":"","overlay-color":"","overlay-opacity":"","overlay-gradient":""},"tablet":{"background-color":"var(--ast-global-color-5)","background-image":"","background-repeat":"repeat","background-position":"center center","background-size":"auto","background-attachment":"scroll","background-type":"","background-media":"","overlay-type":"","overlay-color":"","overlay-opacity":"","overlay-gradient":""},"mobile":{"background-color":"var(--ast-global-color-5)","background-image":"","background-repeat":"repeat","background-position":"center center","background-size":"auto","background-attachment":"scroll","background-type":"","background-media":"","overlay-type":"","overlay-color":"","overlay-opacity":"","overlay-gradient":""}},"footnotes":""},"class_list":["post-394","page","type-page","status-publish","hentry"],"_links":{"self":[{"href":"http:\/\/guerreroesprimero.org.mx\/index.php?rest_route=\/wp\/v2\/pages\/394","targetHints":{"allow":["GET"]}}],"collection":[{"href":"http:\/\/guerreroesprimero.org.mx\/index.php?rest_route=\/wp\/v2\/pages"}],"about":[{"href":"http:\/\/guerreroesprimero.org.mx\/index.php?rest_route=\/wp\/v2\/types\/page"}],"author":[{"embeddable":true,"href":"http:\/\/guerreroesprimero.org.mx\/index.php?rest_route=\/wp\/v2\/users\/3"}],"replies":[{"embeddable":true,"href":"http:\/\/guerreroesprimero.org.mx\/index.php?rest_route=%2Fwp%2Fv2%2Fcomments&post=394"}],"version-history":[{"count":10,"href":"http:\/\/guerreroesprimero.org.mx\/index.php?rest_route=\/wp\/v2\/pages\/394\/revisions"}],"predecessor-version":[{"id":1331,"href":"http:\/\/guerreroesprimero.org.mx\/index.php?rest_route=\/wp\/v2\/pages\/394\/revisions\/1331"}],"up":[{"embeddable":true,"href":"http:\/\/guerreroesprimero.org.mx\/index.php?rest_route=\/wp\/v2\/pages\/612"}],"wp:attachment":[{"href":"http:\/\/guerreroesprimero.org.mx\/index.php?rest_route=%2Fwp%2Fv2%2Fmedia&parent=394"}],"curies":[{"name":"wp","href":"https:\/\/api.w.org\/{rel}","templated":true}]}}