{"id":340,"date":"2020-08-30T17:07:52","date_gmt":"2020-08-30T17:07:52","guid":{"rendered":"http:\/\/guerreroesprimero.org.mx\/?page_id=340"},"modified":"2025-03-26T20:02:53","modified_gmt":"2025-03-26T20:02:53","slug":"pagina-la-montana","status":"publish","type":"page","link":"http:\/\/guerreroesprimero.org.mx\/?page_id=340","title":{"rendered":"La Monta\u00f1a"},"content":{"rendered":"\t\t<div data-elementor-type=\"wp-page\" data-elementor-id=\"340\" class=\"elementor elementor-340\" data-elementor-post-type=\"page\">\n\t\t\t\t\t\t<section class=\"elementor-section elementor-top-section elementor-element elementor-element-8475539 elementor-section-boxed elementor-section-height-default elementor-section-height-default\" data-id=\"8475539\" data-element_type=\"section\">\n\t\t\t\t\t\t<div class=\"elementor-container elementor-column-gap-default\">\n\t\t\t\t\t<div class=\"elementor-column elementor-col-100 elementor-top-column elementor-element elementor-element-76fc7f7\" data-id=\"76fc7f7\" data-element_type=\"column\">\n\t\t\t<div class=\"elementor-widget-wrap elementor-element-populated\">\n\t\t\t\t\t\t<div class=\"elementor-element elementor-element-b586727 elementor-widget elementor-widget-text-editor\" data-id=\"b586727\" data-element_type=\"widget\" data-widget_type=\"text-editor.default\">\n\t\t\t\t<div class=\"elementor-widget-container\">\n\t\t\t\t\t\t\t\t\t<h4 style=\"text-align: center;\"><span style=\"color: #bb047a;\" data-darkreader-inline-color=\"\"><strong>La Monta\u00f1a<\/strong><\/span><\/h4>\t\t\t\t\t\t\t\t<\/div>\n\t\t\t\t<\/div>\n\t\t\t\t\t<\/div>\n\t\t<\/div>\n\t\t\t\t\t<\/div>\n\t\t<\/section>\n\t\t\t\t<section class=\"elementor-section elementor-top-section elementor-element elementor-element-1c6e42d elementor-section-boxed elementor-section-height-default elementor-section-height-default\" data-id=\"1c6e42d\" data-element_type=\"section\">\n\t\t\t\t\t\t<div class=\"elementor-container elementor-column-gap-default\">\n\t\t\t\t\t<div class=\"elementor-column elementor-col-33 elementor-top-column elementor-element elementor-element-3b5f2d3\" data-id=\"3b5f2d3\" data-element_type=\"column\">\n\t\t\t<div class=\"elementor-widget-wrap elementor-element-populated\">\n\t\t\t\t\t\t<div class=\"elementor-element elementor-element-ac80250 elementor-widget elementor-widget-image\" data-id=\"ac80250\" data-element_type=\"widget\" data-widget_type=\"image.default\">\n\t\t\t\t<div class=\"elementor-widget-container\">\n\t\t\t\t\t\t\t\t\t\t\t\t\t\t\t<img fetchpriority=\"high\" decoding=\"async\" width=\"1024\" height=\"524\" src=\"http:\/\/guerreroesprimero.org.mx\/wp-content\/uploads\/2020\/08\/20171020_114723-1024x524.jpg\" class=\"attachment-large size-large wp-image-343\" alt=\"\" srcset=\"http:\/\/guerreroesprimero.org.mx\/wp-content\/uploads\/2020\/08\/20171020_114723-1024x524.jpg 1024w, http:\/\/guerreroesprimero.org.mx\/wp-content\/uploads\/2020\/08\/20171020_114723-300x154.jpg 300w, http:\/\/guerreroesprimero.org.mx\/wp-content\/uploads\/2020\/08\/20171020_114723-768x393.jpg 768w, http:\/\/guerreroesprimero.org.mx\/wp-content\/uploads\/2020\/08\/20171020_114723-1536x786.jpg 1536w, http:\/\/guerreroesprimero.org.mx\/wp-content\/uploads\/2020\/08\/20171020_114723-2048x1048.jpg 2048w\" sizes=\"(max-width: 1024px) 100vw, 1024px\" \/>\t\t\t\t\t\t\t\t\t\t\t\t\t\t\t<\/div>\n\t\t\t\t<\/div>\n\t\t\t\t\t<\/div>\n\t\t<\/div>\n\t\t\t\t<div class=\"elementor-column elementor-col-33 elementor-top-column elementor-element elementor-element-851acb1\" data-id=\"851acb1\" data-element_type=\"column\">\n\t\t\t<div class=\"elementor-widget-wrap elementor-element-populated\">\n\t\t\t\t\t\t<div class=\"elementor-element elementor-element-321e507 elementor-widget elementor-widget-image\" data-id=\"321e507\" data-element_type=\"widget\" data-widget_type=\"image.default\">\n\t\t\t\t<div class=\"elementor-widget-container\">\n\t\t\t\t\t\t\t\t\t\t\t\t\t\t\t<img decoding=\"async\" width=\"1536\" height=\"747\" src=\"http:\/\/guerreroesprimero.org.mx\/wp-content\/uploads\/2020\/08\/20181027_132331-1536x747.jpg\" class=\"attachment-1536x1536 size-1536x1536 wp-image-344\" alt=\"\" srcset=\"http:\/\/guerreroesprimero.org.mx\/wp-content\/uploads\/2020\/08\/20181027_132331-1536x747.jpg 1536w, http:\/\/guerreroesprimero.org.mx\/wp-content\/uploads\/2020\/08\/20181027_132331-300x146.jpg 300w, http:\/\/guerreroesprimero.org.mx\/wp-content\/uploads\/2020\/08\/20181027_132331-1024x498.jpg 1024w, http:\/\/guerreroesprimero.org.mx\/wp-content\/uploads\/2020\/08\/20181027_132331-768x373.jpg 768w, http:\/\/guerreroesprimero.org.mx\/wp-content\/uploads\/2020\/08\/20181027_132331-2048x996.jpg 2048w\" sizes=\"(max-width: 1536px) 100vw, 1536px\" \/>\t\t\t\t\t\t\t\t\t\t\t\t\t\t\t<\/div>\n\t\t\t\t<\/div>\n\t\t\t\t\t<\/div>\n\t\t<\/div>\n\t\t\t\t<div class=\"elementor-column elementor-col-33 elementor-top-column elementor-element elementor-element-c9e2a1a\" data-id=\"c9e2a1a\" data-element_type=\"column\">\n\t\t\t<div class=\"elementor-widget-wrap elementor-element-populated\">\n\t\t\t\t\t\t<div class=\"elementor-element elementor-element-fb20811 elementor-widget elementor-widget-image\" data-id=\"fb20811\" data-element_type=\"widget\" data-widget_type=\"image.default\">\n\t\t\t\t<div class=\"elementor-widget-container\">\n\t\t\t\t\t\t\t\t\t\t\t\t\t\t\t<img decoding=\"async\" width=\"1024\" height=\"498\" src=\"http:\/\/guerreroesprimero.org.mx\/wp-content\/uploads\/2020\/08\/20191201_115210-1024x498.jpg\" class=\"attachment-large size-large wp-image-345\" alt=\"\" srcset=\"http:\/\/guerreroesprimero.org.mx\/wp-content\/uploads\/2020\/08\/20191201_115210-1024x498.jpg 1024w, http:\/\/guerreroesprimero.org.mx\/wp-content\/uploads\/2020\/08\/20191201_115210-300x146.jpg 300w, http:\/\/guerreroesprimero.org.mx\/wp-content\/uploads\/2020\/08\/20191201_115210-768x373.jpg 768w, http:\/\/guerreroesprimero.org.mx\/wp-content\/uploads\/2020\/08\/20191201_115210-1536x747.jpg 1536w, http:\/\/guerreroesprimero.org.mx\/wp-content\/uploads\/2020\/08\/20191201_115210-2048x996.jpg 2048w\" sizes=\"(max-width: 1024px) 100vw, 1024px\" \/>\t\t\t\t\t\t\t\t\t\t\t\t\t\t\t<\/div>\n\t\t\t\t<\/div>\n\t\t\t\t\t<\/div>\n\t\t<\/div>\n\t\t\t\t\t<\/div>\n\t\t<\/section>\n\t\t\t\t<section class=\"elementor-section elementor-top-section elementor-element elementor-element-3cedd69 elementor-section-boxed elementor-section-height-default elementor-section-height-default\" data-id=\"3cedd69\" data-element_type=\"section\">\n\t\t\t\t\t\t<div class=\"elementor-container elementor-column-gap-default\">\n\t\t\t\t\t<div class=\"elementor-column elementor-col-100 elementor-top-column elementor-element elementor-element-8b76613\" data-id=\"8b76613\" data-element_type=\"column\">\n\t\t\t<div class=\"elementor-widget-wrap elementor-element-populated\">\n\t\t\t\t\t\t<div class=\"elementor-element elementor-element-8c04991 elementor-widget elementor-widget-text-editor\" data-id=\"8c04991\" data-element_type=\"widget\" data-widget_type=\"text-editor.default\">\n\t\t\t\t<div class=\"elementor-widget-container\">\n\t\t\t\t\t\t\t\t\t<p><span style=\"color: #000000;\">Como parte de las acciones territoriales de Guerrero es Primero, se est\u00e1 impulsando el trabajo en la regi\u00f3n de la Monta\u00f1a, a trav\u00e9s del acom\u00adpa\u00f1amiento en el Proyecto Polo.<\/span><\/p><p style=\"text-align: justify;\"><span style=\"color: #000000;\">Mediante dicho proyecto se busca fortalecer a las organizacio\u00adnes de la sociedad civil ante un panorama de rezago econ\u00f3mico, violencias, desigualdad social y desgarramiento del tejido social en Guerrero. El colectivo Guerrero es Primero pretende capacitar integralmente a las organizaciones de las regiones de Acapulco, Costa Grande y la Monta\u00f1a para que puedan influir en las pol\u00edticas p\u00fablicas de desarrollo local. El periodo de trabajo comprende del 2017 a 2021.<\/span><\/p><p style=\"text-align: justify;\"><span style=\"color: #000000;\">Durante el proceso formativo han participado organizaciones de la sociedad civil, colectivos, instituciones acad\u00e9micas, estudiantes y diversos actores locales de la regi\u00f3n.<\/span><\/p><p><a href=\"http:\/\/guerreroesprimero.org.mx\/?page_id=221\"><strong><span style=\"color: #bb047a;\">Conoce m\u00e1s sobre el Proyecto Polo y su relaci\u00f3n con la regi\u00f3n<\/span><\/strong><\/a><\/p>\t\t\t\t\t\t\t\t<\/div>\n\t\t\t\t<\/div>\n\t\t\t\t\t<\/div>\n\t\t<\/div>\n\t\t\t\t\t<\/div>\n\t\t<\/section>\n\t\t\t\t<\/div>\n\t\t","protected":false},"excerpt":{"rendered":"<p>La Monta\u00f1a Como parte de las acciones territoriales de Guerrero es Primero, se est\u00e1 impulsando el trabajo en la regi\u00f3n de la Monta\u00f1a, a trav\u00e9s del acom\u00adpa\u00f1amiento en el Proyecto Polo. Mediante dicho proyecto se busca fortalecer a las organizacio\u00adnes de la sociedad civil ante un panorama de rezago econ\u00f3mico, violencias, desigualdad social y desgarramiento [&hellip;]<\/p>\n","protected":false},"author":3,"featured_media":0,"parent":162,"menu_order":9,"comment_status":"closed","ping_status":"closed","template":"","meta":{"site-sidebar-layout":"no-sidebar","site-content-layout":"page-builder","ast-site-content-layout":"","site-content-style":"default","site-sidebar-style":"default","ast-global-header-display":"","ast-banner-title-visibility":"","ast-main-header-display":"","ast-hfb-above-header-display":"","ast-hfb-below-header-display":"","ast-hfb-mobile-header-display":"","site-post-title":"disabled","ast-breadcrumbs-content":"","ast-featured-img":"disabled","footer-sml-layout":"","theme-transparent-header-meta":"default","adv-header-id-meta":"","stick-header-meta":"","header-above-stick-meta":"","header-main-stick-meta":"","header-below-stick-meta":"","astra-migrate-meta-layouts":"default","ast-page-background-enabled":"default","ast-page-background-meta":{"desktop":{"background-color":"var(--ast-global-color-4)","background-image":"","background-repeat":"repeat","background-position":"center center","background-size":"auto","background-attachment":"scroll","background-type":"","background-media":"","overlay-type":"","overlay-color":"","overlay-opacity":"","overlay-gradient":""},"tablet":{"background-color":"","background-image":"","background-repeat":"repeat","background-position":"center center","background-size":"auto","background-attachment":"scroll","background-type":"","background-media":"","overlay-type":"","overlay-color":"","overlay-opacity":"","overlay-gradient":""},"mobile":{"background-color":"","background-image":"","background-repeat":"repeat","background-position":"center center","background-size":"auto","background-attachment":"scroll","background-type":"","background-media":"","overlay-type":"","overlay-color":"","overlay-opacity":"","overlay-gradient":""}},"ast-content-background-meta":{"desktop":{"background-color":"var(--ast-global-color-5)","background-image":"","background-repeat":"repeat","background-position":"center center","background-size":"auto","background-attachment":"scroll","background-type":"","background-media":"","overlay-type":"","overlay-color":"","overlay-opacity":"","overlay-gradient":""},"tablet":{"background-color":"var(--ast-global-color-5)","background-image":"","background-repeat":"repeat","background-position":"center center","background-size":"auto","background-attachment":"scroll","background-type":"","background-media":"","overlay-type":"","overlay-color":"","overlay-opacity":"","overlay-gradient":""},"mobile":{"background-color":"var(--ast-global-color-5)","background-image":"","background-repeat":"repeat","background-position":"center center","background-size":"auto","background-attachment":"scroll","background-type":"","background-media":"","overlay-type":"","overlay-color":"","overlay-opacity":"","overlay-gradient":""}},"footnotes":""},"class_list":["post-340","page","type-page","status-publish","hentry"],"_links":{"self":[{"href":"http:\/\/guerreroesprimero.org.mx\/index.php?rest_route=\/wp\/v2\/pages\/340","targetHints":{"allow":["GET"]}}],"collection":[{"href":"http:\/\/guerreroesprimero.org.mx\/index.php?rest_route=\/wp\/v2\/pages"}],"about":[{"href":"http:\/\/guerreroesprimero.org.mx\/index.php?rest_route=\/wp\/v2\/types\/page"}],"author":[{"embeddable":true,"href":"http:\/\/guerreroesprimero.org.mx\/index.php?rest_route=\/wp\/v2\/users\/3"}],"replies":[{"embeddable":true,"href":"http:\/\/guerreroesprimero.org.mx\/index.php?rest_route=%2Fwp%2Fv2%2Fcomments&post=340"}],"version-history":[{"count":19,"href":"http:\/\/guerreroesprimero.org.mx\/index.php?rest_route=\/wp\/v2\/pages\/340\/revisions"}],"predecessor-version":[{"id":1743,"href":"http:\/\/guerreroesprimero.org.mx\/index.php?rest_route=\/wp\/v2\/pages\/340\/revisions\/1743"}],"up":[{"embeddable":true,"href":"http:\/\/guerreroesprimero.org.mx\/index.php?rest_route=\/wp\/v2\/pages\/162"}],"wp:attachment":[{"href":"http:\/\/guerreroesprimero.org.mx\/index.php?rest_route=%2Fwp%2Fv2%2Fmedia&parent=340"}],"curies":[{"name":"wp","href":"https:\/\/api.w.org\/{rel}","templated":true}]}}