{"id":313,"date":"2020-08-28T02:17:16","date_gmt":"2020-08-28T02:17:16","guid":{"rendered":"http:\/\/guerreroesprimero.org.mx\/?page_id=313"},"modified":"2025-03-26T19:56:42","modified_gmt":"2025-03-26T19:56:42","slug":"pagina-educacion-para-la-paz","status":"publish","type":"page","link":"http:\/\/guerreroesprimero.org.mx\/?page_id=313","title":{"rendered":"Educaci\u00f3n para la Paz"},"content":{"rendered":"\t\t<div data-elementor-type=\"wp-page\" data-elementor-id=\"313\" class=\"elementor elementor-313\" data-elementor-post-type=\"page\">\n\t\t\t\t\t\t<section class=\"elementor-section elementor-top-section elementor-element elementor-element-8475539 elementor-section-boxed elementor-section-height-default elementor-section-height-default\" data-id=\"8475539\" data-element_type=\"section\">\n\t\t\t\t\t\t<div class=\"elementor-container elementor-column-gap-default\">\n\t\t\t\t\t<div class=\"elementor-column elementor-col-100 elementor-top-column elementor-element elementor-element-76fc7f7\" data-id=\"76fc7f7\" data-element_type=\"column\">\n\t\t\t<div class=\"elementor-widget-wrap elementor-element-populated\">\n\t\t\t\t\t\t<div class=\"elementor-element elementor-element-b586727 elementor-widget elementor-widget-text-editor\" data-id=\"b586727\" data-element_type=\"widget\" data-widget_type=\"text-editor.default\">\n\t\t\t\t<div class=\"elementor-widget-container\">\n\t\t\t\t\t\t\t\t\t<h4 style=\"text-align: center;\"><span style=\"color: #bb047a;\" data-darkreader-inline-color=\"\"><strong>Mesa Educaci\u00f3n para la Paz y Derechos Humanos<\/strong><\/span><\/h4>\t\t\t\t\t\t\t\t<\/div>\n\t\t\t\t<\/div>\n\t\t\t\t\t<\/div>\n\t\t<\/div>\n\t\t\t\t\t<\/div>\n\t\t<\/section>\n\t\t\t\t<section class=\"elementor-section elementor-top-section elementor-element elementor-element-1c6e42d elementor-section-boxed elementor-section-height-default elementor-section-height-default\" data-id=\"1c6e42d\" data-element_type=\"section\">\n\t\t\t\t\t\t<div class=\"elementor-container elementor-column-gap-default\">\n\t\t\t\t\t<div class=\"elementor-column elementor-col-50 elementor-top-column elementor-element elementor-element-3b5f2d3\" data-id=\"3b5f2d3\" data-element_type=\"column\">\n\t\t\t<div class=\"elementor-widget-wrap elementor-element-populated\">\n\t\t\t\t\t\t<div class=\"elementor-element elementor-element-ac80250 elementor-widget elementor-widget-image\" data-id=\"ac80250\" data-element_type=\"widget\" data-widget_type=\"image.default\">\n\t\t\t\t<div class=\"elementor-widget-container\">\n\t\t\t\t\t\t\t\t\t\t\t\t\t\t\t<img fetchpriority=\"high\" decoding=\"async\" width=\"1536\" height=\"747\" src=\"http:\/\/guerreroesprimero.org.mx\/wp-content\/uploads\/2020\/08\/20180528_101345-1536x747.jpg\" class=\"attachment-1536x1536 size-1536x1536 wp-image-315\" alt=\"\" srcset=\"http:\/\/guerreroesprimero.org.mx\/wp-content\/uploads\/2020\/08\/20180528_101345-1536x747.jpg 1536w, http:\/\/guerreroesprimero.org.mx\/wp-content\/uploads\/2020\/08\/20180528_101345-300x146.jpg 300w, http:\/\/guerreroesprimero.org.mx\/wp-content\/uploads\/2020\/08\/20180528_101345-1024x498.jpg 1024w, http:\/\/guerreroesprimero.org.mx\/wp-content\/uploads\/2020\/08\/20180528_101345-768x373.jpg 768w, http:\/\/guerreroesprimero.org.mx\/wp-content\/uploads\/2020\/08\/20180528_101345-2048x996.jpg 2048w\" sizes=\"(max-width: 1536px) 100vw, 1536px\" \/>\t\t\t\t\t\t\t\t\t\t\t\t\t\t\t<\/div>\n\t\t\t\t<\/div>\n\t\t\t\t\t<\/div>\n\t\t<\/div>\n\t\t\t\t<div class=\"elementor-column elementor-col-50 elementor-top-column elementor-element elementor-element-851acb1\" data-id=\"851acb1\" data-element_type=\"column\">\n\t\t\t<div class=\"elementor-widget-wrap elementor-element-populated\">\n\t\t\t\t\t\t<div class=\"elementor-element elementor-element-321e507 elementor-widget elementor-widget-image\" data-id=\"321e507\" data-element_type=\"widget\" data-widget_type=\"image.default\">\n\t\t\t\t<div class=\"elementor-widget-container\">\n\t\t\t\t\t\t\t\t\t\t\t\t\t\t\t<img decoding=\"async\" width=\"1536\" height=\"747\" src=\"http:\/\/guerreroesprimero.org.mx\/wp-content\/uploads\/2020\/08\/20180528_105009-1536x747.jpg\" class=\"attachment-1536x1536 size-1536x1536 wp-image-316\" alt=\"\" srcset=\"http:\/\/guerreroesprimero.org.mx\/wp-content\/uploads\/2020\/08\/20180528_105009-1536x747.jpg 1536w, http:\/\/guerreroesprimero.org.mx\/wp-content\/uploads\/2020\/08\/20180528_105009-300x146.jpg 300w, http:\/\/guerreroesprimero.org.mx\/wp-content\/uploads\/2020\/08\/20180528_105009-1024x498.jpg 1024w, http:\/\/guerreroesprimero.org.mx\/wp-content\/uploads\/2020\/08\/20180528_105009-768x373.jpg 768w, http:\/\/guerreroesprimero.org.mx\/wp-content\/uploads\/2020\/08\/20180528_105009-2048x996.jpg 2048w\" sizes=\"(max-width: 1536px) 100vw, 1536px\" \/>\t\t\t\t\t\t\t\t\t\t\t\t\t\t\t<\/div>\n\t\t\t\t<\/div>\n\t\t\t\t\t<\/div>\n\t\t<\/div>\n\t\t\t\t\t<\/div>\n\t\t<\/section>\n\t\t\t\t<section class=\"elementor-section elementor-top-section elementor-element elementor-element-3cedd69 elementor-section-boxed elementor-section-height-default elementor-section-height-default\" data-id=\"3cedd69\" data-element_type=\"section\">\n\t\t\t\t\t\t<div class=\"elementor-container elementor-column-gap-default\">\n\t\t\t\t\t<div class=\"elementor-column elementor-col-100 elementor-top-column elementor-element elementor-element-8b76613\" data-id=\"8b76613\" data-element_type=\"column\">\n\t\t\t<div class=\"elementor-widget-wrap elementor-element-populated\">\n\t\t\t\t\t\t<div class=\"elementor-element elementor-element-8c04991 elementor-widget elementor-widget-text-editor\" data-id=\"8c04991\" data-element_type=\"widget\" data-widget_type=\"text-editor.default\">\n\t\t\t\t<div class=\"elementor-widget-container\">\n\t\t\t\t\t\t\t\t\t<p style=\"text-align: justify;\"><span style=\"color: #000000; --darkreader-inline-color: #e8e6e3;\" data-darkreader-inline-color=\"\">El colectivo propone las siguientes acciones:<\/span><\/p><ol style=\"text-align: justify;\"><li><p><span style=\"color: #000000;\">\u00a0Actualizaci\u00f3n y\/o fortalecimiento de los planes de estudio, impulsando asignaturas que incidan sobre esta tem\u00e1tica, tales como: Civismo, valores, \u00e9tica, derechos humanos.<\/span><\/p><\/li><li><p><span style=\"color: #000000;\">Actividades de vinculaci\u00f3n y convivencia de Maestros, Padres de Familia y Alumnos, a trav\u00e9s del desarrollo e implementaci\u00f3n de talleres y cursos de respeto a los derechos humanos, prevenci\u00f3n del delito, soluci\u00f3n pac\u00edfica de conflictos y de la educaci\u00f3n para la paz, as\u00ed como el impulso de programas de convivencia comunitaria y de sustentabilidad, tales como la elaboraci\u00f3n de huertos escolares y sobre ecotecnia, actividades l\u00fadicas y recreativas, partiendo desde la capacitaci\u00f3n, apoyo de insumos e implementaci\u00f3n de los mismos, promoviendo las cooperativas escolares para tal efecto.<\/span><\/p><\/li><li><p><span style=\"color: #000000;\">Escuelas dignas y atenci\u00f3n de demandas y necesidades de la ni\u00f1ez guerr\u00e9ense en materia escolar, como plantilla de personal completa: maestros y trabajadores sociales entre otros; gratuidad educativa, cumplimiento de servicios en escuelas de tiempo completo; falta de equipamiento y material did\u00e1ctico; falta o deficiencia de instalaciones fundamentales como agua, luz, instalaciones sanitarias; respeto a las \u00e1reas asignadas para la convivencia y desarrollo comunitario; y seguridad escolar de maestros y alumnos.<\/span><\/p><\/li><li><p><span style=\"color: #000000;\">Para la implementaci\u00f3n se requiere el compromiso del gobierno para instalar mesas de trabajo con la autorides competentes de la SEG y de la SEP con la participaci\u00f3n de la CNDH, para establecer un diagn\u00f3stico sobre la materia y conforme prioridades elaborar una agenda, construir indicadores de medici\u00f3n seguimiento y evaluaci\u00f3n de las acciones implementadas; que den confianza a la sociedad.<\/span><\/p><\/li><\/ol><p><span style=\"color: #000000;\">Se elaborar\u00e1 un programa de trabajo a dos a\u00f1os, con evaluaciones semestrales, iniciando como municipios pilotos en Atoyac de \u00c1lvarez, Coyuca de Ben\u00edtez, Benito Ju\u00e1rez y Tecpan de Galeana.<\/span><\/p>\t\t\t\t\t\t\t\t<\/div>\n\t\t\t\t<\/div>\n\t\t\t\t\t<\/div>\n\t\t<\/div>\n\t\t\t\t\t<\/div>\n\t\t<\/section>\n\t\t\t\t<section class=\"elementor-section elementor-top-section elementor-element elementor-element-e4ab64e elementor-section-boxed elementor-section-height-default elementor-section-height-default\" data-id=\"e4ab64e\" data-element_type=\"section\">\n\t\t\t\t\t\t<div class=\"elementor-container elementor-column-gap-default\">\n\t\t\t\t\t<div class=\"elementor-column elementor-col-50 elementor-top-column elementor-element elementor-element-f8cd9ef\" data-id=\"f8cd9ef\" data-element_type=\"column\">\n\t\t\t<div class=\"elementor-widget-wrap elementor-element-populated\">\n\t\t\t\t\t\t<div class=\"elementor-element elementor-element-6944c76 elementor-widget elementor-widget-text-editor\" data-id=\"6944c76\" data-element_type=\"widget\" data-widget_type=\"text-editor.default\">\n\t\t\t\t<div class=\"elementor-widget-container\">\n\t\t\t\t\t\t\t\t\t<h4><span style=\"color: #bb047a;\"><strong>Documentos de consulta<\/strong><\/span><\/h4>\t\t\t\t\t\t\t\t<\/div>\n\t\t\t\t<\/div>\n\t\t\t\t\t<\/div>\n\t\t<\/div>\n\t\t\t\t<div class=\"elementor-column elementor-col-50 elementor-top-column elementor-element elementor-element-21b27c7\" data-id=\"21b27c7\" data-element_type=\"column\">\n\t\t\t<div class=\"elementor-widget-wrap\">\n\t\t\t\t\t\t\t<\/div>\n\t\t<\/div>\n\t\t\t\t\t<\/div>\n\t\t<\/section>\n\t\t\t\t<section class=\"elementor-section elementor-top-section elementor-element elementor-element-4583181 elementor-section-boxed elementor-section-height-default elementor-section-height-default\" data-id=\"4583181\" data-element_type=\"section\">\n\t\t\t\t\t\t<div class=\"elementor-container elementor-column-gap-default\">\n\t\t\t\t\t<div class=\"elementor-column elementor-col-50 elementor-top-column elementor-element elementor-element-359fe63\" data-id=\"359fe63\" data-element_type=\"column\">\n\t\t\t<div class=\"elementor-widget-wrap elementor-element-populated\">\n\t\t\t\t\t\t<div class=\"elementor-element elementor-element-45e7186 elementor-widget elementor-widget-text-editor\" data-id=\"45e7186\" data-element_type=\"widget\" data-widget_type=\"text-editor.default\">\n\t\t\t\t<div class=\"elementor-widget-container\">\n\t\t\t\t\t\t\t\t\t<h6 style=\"text-align: justify;\"><a href=\"http:\/\/guerreroesprimero.org.mx\/wp-content\/uploads\/2020\/09\/1.Relaci\u00f3n-de-escuelas-programa-piloto-G1-AL-050617.docx\">Relaci\u00f3n de escuelas programa piloto<\/a><\/h6><h6 style=\"text-align: justify;\"><a href=\"http:\/\/guerreroesprimero.org.mx\/wp-content\/uploads\/2020\/09\/140817.-Minuta-de-Acuerdos-Mesa-Educaci\u00f3n-G1.pdf\">Minuta de Acuerdos Mesa Educaci\u00f3n G1<\/a><\/h6><h6 style=\"text-align: justify;\"><a href=\"http:\/\/guerreroesprimero.org.mx\/wp-content\/uploads\/2020\/09\/170517.-Minuta-de-Acuerdos-Mesa-Educaci\u00f3n-G1-SEG.docx\">Minuta de Acuerdos Mesa Educaci\u00f3n G1-SEG<\/a><\/h6><h6 style=\"text-align: justify;\"><a href=\"http:\/\/guerreroesprimero.org.mx\/wp-content\/uploads\/2020\/09\/Minuta-reuni\u00f3n-Mesa-de-Educaci\u00f3n-06-06-2017.docx\">Minuta reuni\u00f3n Mesa de Educaci\u00f3n<\/a><\/h6><h6 style=\"text-align: justify;\"><a href=\"http:\/\/guerreroesprimero.org.mx\/wp-content\/uploads\/2020\/09\/Reporte-Educaci\u00f3n-para-la-Paz-l\u00ednea-base-mayo-2018.docx\">Reporte Educaci\u00f3n para la Paz l\u00ednea base mayo 2018<\/a><\/h6><h6 style=\"text-align: justify;\"><a href=\"http:\/\/guerreroesprimero.org.mx\/wp-content\/uploads\/2020\/09\/Reuni\u00f3n-Secretario-de-Educaci\u00f3n-y-Mesa-de-Educaci\u00f3n-para-la-paz-4-5-17.docx\">Reuni\u00f3n Secretario de Educaci\u00f3n y Mesa de Educaci\u00f3n para la paz<\/a><\/h6>\t\t\t\t\t\t\t\t<\/div>\n\t\t\t\t<\/div>\n\t\t\t\t\t<\/div>\n\t\t<\/div>\n\t\t\t\t<div class=\"elementor-column elementor-col-50 elementor-top-column elementor-element elementor-element-402e586\" data-id=\"402e586\" data-element_type=\"column\">\n\t\t\t<div class=\"elementor-widget-wrap\">\n\t\t\t\t\t\t\t<\/div>\n\t\t<\/div>\n\t\t\t\t\t<\/div>\n\t\t<\/section>\n\t\t\t\t<\/div>\n\t\t","protected":false},"excerpt":{"rendered":"<p>Mesa Educaci\u00f3n para la Paz y Derechos Humanos El colectivo propone las siguientes acciones: \u00a0Actualizaci\u00f3n y\/o fortalecimiento de los planes de estudio, impulsando asignaturas que incidan sobre esta tem\u00e1tica, tales como: Civismo, valores, \u00e9tica, derechos humanos. Actividades de vinculaci\u00f3n y convivencia de Maestros, Padres de Familia y Alumnos, a trav\u00e9s del desarrollo e implementaci\u00f3n de [&hellip;]<\/p>\n","protected":false},"author":3,"featured_media":0,"parent":162,"menu_order":6,"comment_status":"closed","ping_status":"closed","template":"","meta":{"site-sidebar-layout":"no-sidebar","site-content-layout":"page-builder","ast-site-content-layout":"","site-content-style":"default","site-sidebar-style":"default","ast-global-header-display":"","ast-banner-title-visibility":"","ast-main-header-display":"","ast-hfb-above-header-display":"","ast-hfb-below-header-display":"","ast-hfb-mobile-header-display":"","site-post-title":"disabled","ast-breadcrumbs-content":"","ast-featured-img":"disabled","footer-sml-layout":"","theme-transparent-header-meta":"default","adv-header-id-meta":"","stick-header-meta":"","header-above-stick-meta":"","header-main-stick-meta":"","header-below-stick-meta":"","astra-migrate-meta-layouts":"default","ast-page-background-enabled":"default","ast-page-background-meta":{"desktop":{"background-color":"var(--ast-global-color-4)","background-image":"","background-repeat":"repeat","background-position":"center center","background-size":"auto","background-attachment":"scroll","background-type":"","background-media":"","overlay-type":"","overlay-color":"","overlay-opacity":"","overlay-gradient":""},"tablet":{"background-color":"","background-image":"","background-repeat":"repeat","background-position":"center center","background-size":"auto","background-attachment":"scroll","background-type":"","background-media":"","overlay-type":"","overlay-color":"","overlay-opacity":"","overlay-gradient":""},"mobile":{"background-color":"","background-image":"","background-repeat":"repeat","background-position":"center center","background-size":"auto","background-attachment":"scroll","background-type":"","background-media":"","overlay-type":"","overlay-color":"","overlay-opacity":"","overlay-gradient":""}},"ast-content-background-meta":{"desktop":{"background-color":"var(--ast-global-color-5)","background-image":"","background-repeat":"repeat","background-position":"center center","background-size":"auto","background-attachment":"scroll","background-type":"","background-media":"","overlay-type":"","overlay-color":"","overlay-opacity":"","overlay-gradient":""},"tablet":{"background-color":"var(--ast-global-color-5)","background-image":"","background-repeat":"repeat","background-position":"center center","background-size":"auto","background-attachment":"scroll","background-type":"","background-media":"","overlay-type":"","overlay-color":"","overlay-opacity":"","overlay-gradient":""},"mobile":{"background-color":"var(--ast-global-color-5)","background-image":"","background-repeat":"repeat","background-position":"center center","background-size":"auto","background-attachment":"scroll","background-type":"","background-media":"","overlay-type":"","overlay-color":"","overlay-opacity":"","overlay-gradient":""}},"footnotes":""},"class_list":["post-313","page","type-page","status-publish","hentry"],"_links":{"self":[{"href":"http:\/\/guerreroesprimero.org.mx\/index.php?rest_route=\/wp\/v2\/pages\/313","targetHints":{"allow":["GET"]}}],"collection":[{"href":"http:\/\/guerreroesprimero.org.mx\/index.php?rest_route=\/wp\/v2\/pages"}],"about":[{"href":"http:\/\/guerreroesprimero.org.mx\/index.php?rest_route=\/wp\/v2\/types\/page"}],"author":[{"embeddable":true,"href":"http:\/\/guerreroesprimero.org.mx\/index.php?rest_route=\/wp\/v2\/users\/3"}],"replies":[{"embeddable":true,"href":"http:\/\/guerreroesprimero.org.mx\/index.php?rest_route=%2Fwp%2Fv2%2Fcomments&post=313"}],"version-history":[{"count":25,"href":"http:\/\/guerreroesprimero.org.mx\/index.php?rest_route=\/wp\/v2\/pages\/313\/revisions"}],"predecessor-version":[{"id":1732,"href":"http:\/\/guerreroesprimero.org.mx\/index.php?rest_route=\/wp\/v2\/pages\/313\/revisions\/1732"}],"up":[{"embeddable":true,"href":"http:\/\/guerreroesprimero.org.mx\/index.php?rest_route=\/wp\/v2\/pages\/162"}],"wp:attachment":[{"href":"http:\/\/guerreroesprimero.org.mx\/index.php?rest_route=%2Fwp%2Fv2%2Fmedia&parent=313"}],"curies":[{"name":"wp","href":"https:\/\/api.w.org\/{rel}","templated":true}]}}