{"id":157,"date":"2020-06-29T22:28:19","date_gmt":"2020-06-29T22:28:19","guid":{"rendered":"http:\/\/guerreroesprimero.org.mx\/?page_id=157"},"modified":"2025-03-19T20:19:21","modified_gmt":"2025-03-19T20:19:21","slug":"nosotros-elementor","status":"publish","type":"page","link":"http:\/\/guerreroesprimero.org.mx\/?page_id=157","title":{"rendered":"\u00bfQui\u00e9nes somos?"},"content":{"rendered":"\t\t<div data-elementor-type=\"wp-page\" data-elementor-id=\"157\" class=\"elementor elementor-157\" data-elementor-post-type=\"page\">\n\t\t\t\t\t\t<section class=\"elementor-section elementor-top-section elementor-element elementor-element-f32fa6f elementor-section-boxed elementor-section-height-default elementor-section-height-default\" data-id=\"f32fa6f\" data-element_type=\"section\">\n\t\t\t\t\t\t<div class=\"elementor-container elementor-column-gap-default\">\n\t\t\t\t\t<div class=\"elementor-column elementor-col-100 elementor-top-column elementor-element elementor-element-292e9a1\" data-id=\"292e9a1\" data-element_type=\"column\">\n\t\t\t<div class=\"elementor-widget-wrap elementor-element-populated\">\n\t\t\t\t\t\t<div class=\"elementor-element elementor-element-d8b9e2a elementor-widget elementor-widget-image\" data-id=\"d8b9e2a\" data-element_type=\"widget\" data-widget_type=\"image.default\">\n\t\t\t\t<div class=\"elementor-widget-container\">\n\t\t\t\t\t\t\t\t\t\t\t\t\t\t\t<img fetchpriority=\"high\" decoding=\"async\" width=\"768\" height=\"513\" src=\"http:\/\/guerreroesprimero.org.mx\/wp-content\/uploads\/2020\/09\/Nosotros-768x513.jpg\" class=\"attachment-medium_large size-medium_large wp-image-594\" alt=\"\" srcset=\"http:\/\/guerreroesprimero.org.mx\/wp-content\/uploads\/2020\/09\/Nosotros-768x513.jpg 768w, http:\/\/guerreroesprimero.org.mx\/wp-content\/uploads\/2020\/09\/Nosotros-300x200.jpg 300w, http:\/\/guerreroesprimero.org.mx\/wp-content\/uploads\/2020\/09\/Nosotros.jpg 899w\" sizes=\"(max-width: 768px) 100vw, 768px\" \/>\t\t\t\t\t\t\t\t\t\t\t\t\t\t\t<\/div>\n\t\t\t\t<\/div>\n\t\t\t\t\t<\/div>\n\t\t<\/div>\n\t\t\t\t\t<\/div>\n\t\t<\/section>\n\t\t\t\t<section class=\"elementor-section elementor-top-section elementor-element elementor-element-8d2bac7 elementor-section-boxed elementor-section-height-default elementor-section-height-default\" data-id=\"8d2bac7\" data-element_type=\"section\">\n\t\t\t\t\t\t<div class=\"elementor-container elementor-column-gap-default\">\n\t\t\t\t\t<div class=\"elementor-column elementor-col-100 elementor-top-column elementor-element elementor-element-be5c469\" data-id=\"be5c469\" data-element_type=\"column\">\n\t\t\t<div class=\"elementor-widget-wrap\">\n\t\t\t\t\t\t\t<\/div>\n\t\t<\/div>\n\t\t\t\t\t<\/div>\n\t\t<\/section>\n\t\t\t\t<section class=\"elementor-section elementor-top-section elementor-element elementor-element-e471c97 elementor-section-boxed elementor-section-height-default elementor-section-height-default\" data-id=\"e471c97\" data-element_type=\"section\">\n\t\t\t\t\t\t<div class=\"elementor-container elementor-column-gap-default\">\n\t\t\t\t\t<div class=\"elementor-column elementor-col-100 elementor-top-column elementor-element elementor-element-026eef0\" data-id=\"026eef0\" data-element_type=\"column\">\n\t\t\t<div class=\"elementor-widget-wrap elementor-element-populated\">\n\t\t\t\t\t\t<div class=\"elementor-element elementor-element-4f7a31e elementor-widget elementor-widget-text-editor\" data-id=\"4f7a31e\" data-element_type=\"widget\" data-widget_type=\"text-editor.default\">\n\t\t\t\t<div class=\"elementor-widget-container\">\n\t\t\t\t\t\t\t\t\t<h1 style=\"text-align: center;\"><span style=\"color: #bb047a;\" data-darkreader-inline-color=\"\"><strong>\u00bfQu\u00e9 es Guerrero es Primero?<\/strong><\/span><\/h1><p style=\"text-align: left;\"><span style=\"color: #000000;\">Es una iniciativa de organizaciones de la sociedad civil que tiene como finalidad promover espacios de di\u00e1logo y de b\u00fasqueda de alternativas y acciones colaborativas ante a la grav\u00edsima situaci\u00f3n del pa\u00eds, que se ha reflejado en el estado de Guerrero.<\/span><\/p><p style=\"text-align: left;\"><span style=\"color: #000000;\">Estamos construyendo una propuesta de la sociedad guerrerense, en particular, y con la sociedad nacional en general para llevar a cabo un proceso horizontal, plural, incluyente, propositivo y eficaz de di\u00e1logo y colaboraci\u00f3n, que genere condiciones para el desarrollo sustentable, la democracia participativa y la paz duradera. Nuestras acciones se enmarcan en cuatro grandes temas, a) Estado de Derecho y Derechos, b) Desarrollo sustentable, c) Democracia participativa y fortalecimiento institucional y d) Construcci\u00f3n de la Paz.<\/span><\/p>\t\t\t\t\t\t\t\t<\/div>\n\t\t\t\t<\/div>\n\t\t\t\t\t<\/div>\n\t\t<\/div>\n\t\t\t\t\t<\/div>\n\t\t<\/section>\n\t\t\t\t<section class=\"elementor-section elementor-top-section elementor-element elementor-element-4bc4829 elementor-section-boxed elementor-section-height-default elementor-section-height-default\" data-id=\"4bc4829\" data-element_type=\"section\">\n\t\t\t\t\t\t<div class=\"elementor-container elementor-column-gap-default\">\n\t\t\t\t\t<div class=\"elementor-column elementor-col-100 elementor-top-column elementor-element elementor-element-6ad266d\" data-id=\"6ad266d\" data-element_type=\"column\">\n\t\t\t<div class=\"elementor-widget-wrap elementor-element-populated\">\n\t\t\t\t\t\t<div class=\"elementor-element elementor-element-c508dbc elementor-widget elementor-widget-text-editor\" data-id=\"c508dbc\" data-element_type=\"widget\" data-widget_type=\"text-editor.default\">\n\t\t\t\t<div class=\"elementor-widget-container\">\n\t\t\t\t\t\t\t\t\t<h1 style=\"text-align: center;\"><span style=\"color: #bb047a;\" data-darkreader-inline-color=\"\"><strong>\u00bfQui\u00e9nes somos?<\/strong><\/span><\/h1><div><span style=\"color: #000000;\">Guerrero es Primero es una iniciativa de la sociedad y no una organizaci\u00f3n jur\u00eddicamente reconocida, no tiene membres\u00eda, participan en nuestros Encuentros todas aquellas organizaciones o personas que han estado de acuerdo en apoyar los procesos. <\/span><span style=\"color: #000000;\">Este ha sido el compromiso permanente.\u00a0<\/span><\/div><div>\u00a0<\/div><div><span style=\"color: #000000;\">La lista que a continuaci\u00f3n se presenta es un intento por incluir a todas las personas, organizaciones e instituciones que de alguna manera han participado en Guerrero es Primero, desde sus inicios hasta 2019, ya sea en alguna etapa de las iniciativas o proyectos, colaborando en alguna de las mesas de trabajo o asistiendo a alguno de los encuentros o reuniones tem\u00e1ticas.<\/span><\/div><div>\u00a0<\/div><div><span style=\"font-size: 16px; color: #000000;\">Aunque no todas las personas que aparecen siguen participando activamente, con esta lista queremos reconocer a quienes han formado parte de nuestra iniciativa y que de distintas maneras han colaborado y fortalecido en diferentes etapas la red. Creemos que esta lista refleja la disposici\u00f3n de la sociedad guerrerense y de otros territorios, as\u00ed como de gobiernos e instituciones p\u00fablicas, por conocer y sumarse a una iniciativa impulsada desde la sociedad civil.\u00a0<\/span><span style=\"font-size: 16px; color: #000000;\">Las y los funcionarios gubernamentales mencionados no son miembros de la iniciativa pero han apoyado y\u00a0 colaborado en diferentes proyectos impulsados desde Guerrero es Primero.\u00a0\u00a0<\/span><\/div><div>\u00a0<\/div><div><div title=\"Page 160\"><p><span style=\"color: #000000;\">Es una lista que est\u00e1 en constante movimiento por la misma naturaleza de Guerrero es Primero, por lo que pedimos disculpas y agradecemos la comprensi\u00f3n si llegaran a existir algunas omisiones. Constantemente estaremos actualizando la lista,\u00a0 cualquier comentario favor de ponerse en contacto con nosotros.<\/span><\/p><p><a href=\"http:\/\/guerreroesprimero.org.mx\/wp-content\/uploads\/2020\/10\/Participantes-Guerrero-es-Primero-1.pdf\">Ver lista de participantes<\/a><\/p><\/div><\/div>\t\t\t\t\t\t\t\t<\/div>\n\t\t\t\t<\/div>\n\t\t\t\t\t<\/div>\n\t\t<\/div>\n\t\t\t\t\t<\/div>\n\t\t<\/section>\n\t\t\t\t<section class=\"elementor-section elementor-top-section elementor-element elementor-element-171c266 elementor-section-boxed elementor-section-height-default elementor-section-height-default\" data-id=\"171c266\" data-element_type=\"section\">\n\t\t\t\t\t\t<div class=\"elementor-container elementor-column-gap-default\">\n\t\t\t\t\t<div class=\"elementor-column elementor-col-100 elementor-top-column elementor-element elementor-element-b6ccc08\" data-id=\"b6ccc08\" data-element_type=\"column\">\n\t\t\t<div class=\"elementor-widget-wrap elementor-element-populated\">\n\t\t\t\t\t\t<div class=\"elementor-element elementor-element-cfedd4d elementor-widget elementor-widget-text-editor\" data-id=\"cfedd4d\" data-element_type=\"widget\" data-widget_type=\"text-editor.default\">\n\t\t\t\t<div class=\"elementor-widget-container\">\n\t\t\t\t\t\t\t\t\t<h1 style=\"text-align: center;\"><span style=\"color: #bb047a;\" data-darkreader-inline-color=\"\"><strong>La situaci\u00f3n que nos motiva <\/strong><\/span><\/h1><p style=\"text-align: justify;\"><span style=\"color: #000000;\" data-darkreader-inline-color=\"\">La situaci\u00f3n de Guerrero es reconocida como una de las de mayor violencia en el pa\u00eds. No se perciben fuentes de un desarrollo integral en el corto y mediano plazos y las violencias -en todas sus manifestaciones- y la violaci\u00f3n de los derechos humanos pol\u00edticos, civiles, econ\u00f3micos, sociales, culturales y ambientales se presentan de manera sistem\u00e1tica. Guerrero tambi\u00e9n se encuentra entre los tres estados con indicadores de pobreza y desigualdad m\u00e1s agudos.\u00a0<\/span><\/p><p style=\"text-align: justify;\"><span style=\"color: #000000;\" data-darkreader-inline-color=\"\">Para revertir los procesos hist\u00f3ricos y hacer frente a esta situaci\u00f3n, se requieren enfoques amplios de participaci\u00f3n de las organizaciones de la sociedad civil, pero en aislamiento no pueden actuar (por las amenazas a las que se enfrenta toda acci\u00f3n social),\u00a0por ello se requiere una red estatal (con ramificaciones nacionales) que proteja y asista las actividades locales y estatales.\u00a0<\/span><\/p><p style=\"text-align: justify;\"><span style=\"color: #000000;\" data-darkreader-inline-color=\"\">Reconociendo la existencia de numerosos esfuerzos por parte de la sociedad para responder a la grave situaci\u00f3n que se vive en el estado, Guerrero es Primero surge precisamente con el fin de contribuir a estos esfuerzos de manera articulada. As\u00ed en julio de 2015 diversas organizaciones de la sociedad civil dialogaron sobre la necesidad de emprender acciones de di\u00e1logo en Guerrero y en el resto de la sociedad mexicana para propiciar el encuentro entre actores que, desde muy diversas posiciones, est\u00e9n trabajando en distintos campos para construir una sociedad m\u00e1s justa, reconociendo que la grave situaci\u00f3n requiere de acciones sist\u00e9micas.<\/span><\/p>\t\t\t\t\t\t\t\t<\/div>\n\t\t\t\t<\/div>\n\t\t\t\t\t<\/div>\n\t\t<\/div>\n\t\t\t\t\t<\/div>\n\t\t<\/section>\n\t\t\t\t<section class=\"elementor-section elementor-top-section elementor-element elementor-element-f898a4d elementor-section-boxed elementor-section-height-default elementor-section-height-default\" data-id=\"f898a4d\" data-element_type=\"section\">\n\t\t\t\t\t\t<div class=\"elementor-container elementor-column-gap-default\">\n\t\t\t\t\t<div class=\"elementor-column elementor-col-100 elementor-top-column elementor-element elementor-element-95a7666\" data-id=\"95a7666\" data-element_type=\"column\">\n\t\t\t<div class=\"elementor-widget-wrap elementor-element-populated\">\n\t\t\t\t\t\t<div class=\"elementor-element elementor-element-5cc4726 elementor-widget elementor-widget-text-editor\" data-id=\"5cc4726\" data-element_type=\"widget\" data-widget_type=\"text-editor.default\">\n\t\t\t\t<div class=\"elementor-widget-container\">\n\t\t\t\t\t\t\t\t\t<h1 style=\"text-align: center;\"><span style=\"color: #bb047a;\" data-darkreader-inline-color=\"\"><b>Nuestra visi\u00f3n de las posibilidades y forma de cambio<\/b><\/span><\/h1><p style=\"text-align: justify;\"><span style=\"color: #000000;\" data-darkreader-inline-color=\"\">Ante la dif\u00edcil situaci\u00f3n que se vive en Guerrero, se requieren respuestas que abonen a la construcci\u00f3n de paz, al desarrollo y al respeto a los derechos humanos de manera sustentable, para lo que es necesario construir cohesi\u00f3n social, con acciones y estrategias multidimensionales, del conjunto de la sociedad, que la fortalezcan, que protejan a la poblaci\u00f3n ante los poderes f\u00e1cticos, y que construyan nuevos puentes, pero adem\u00e1s que reconcilien en pueblos y ciudades a comunidades y ciudadanas\/os.<\/span><\/p><p style=\"text-align: justify;\"><span style=\"color: #000000;\" data-darkreader-inline-color=\"\">La convocatoria de di\u00e1logo y acci\u00f3n debe ser a la sociedad para fortalecerla y convertirla en actor respetado y capaz de tener interlocuci\u00f3n seria con actores p\u00fablicos y privados, pero tambi\u00e9n para actuar de manera colaborativa ante las necesidades no cubiertas.\u00a0<\/span><\/p><p style=\"text-align: justify;\"><span style=\"color: #000000;\" data-darkreader-inline-color=\"\">Aunque se trata de un proceso paulatino, de aprendizajes, en medio de incertidumbres y retrocesos, se busca que las acciones sociales y la interlocuci\u00f3n con gobiernos lleven a sinergias territoriales y no solamente a\u00a0acciones aisladas. Es necesaria una visi\u00f3n permanente del impacto en red de cada proyecto o propuesta, considerando el corto, mediano y largo\u00a0plazo; solamente en di\u00e1logos con actores estrat\u00e9gicos (aliados o no), con colaboraci\u00f3n interregional y el paraguas del\u00a0trabajo estatal, as\u00ed como la presencia de\u00a0organizaciones nacionales, es posible lograr esto.<\/span><\/p>\t\t\t\t\t\t\t\t<\/div>\n\t\t\t\t<\/div>\n\t\t\t\t\t<\/div>\n\t\t<\/div>\n\t\t\t\t\t<\/div>\n\t\t<\/section>\n\t\t\t\t<\/div>\n\t\t","protected":false},"excerpt":{"rendered":"<p>\u00bfQu\u00e9 es Guerrero es Primero? Es una iniciativa de organizaciones de la sociedad civil que tiene como finalidad promover espacios de di\u00e1logo y de b\u00fasqueda de alternativas y acciones colaborativas ante a la grav\u00edsima situaci\u00f3n del pa\u00eds, que se ha reflejado en el estado de Guerrero. Estamos construyendo una propuesta de la sociedad guerrerense, en [&hellip;]<\/p>\n","protected":false},"author":3,"featured_media":0,"parent":0,"menu_order":2,"comment_status":"closed","ping_status":"closed","template":"","meta":{"site-sidebar-layout":"no-sidebar","site-content-layout":"page-builder","ast-site-content-layout":"","site-content-style":"default","site-sidebar-style":"default","ast-global-header-display":"","ast-banner-title-visibility":"","ast-main-header-display":"","ast-hfb-above-header-display":"","ast-hfb-below-header-display":"","ast-hfb-mobile-header-display":"","site-post-title":"disabled","ast-breadcrumbs-content":"","ast-featured-img":"disabled","footer-sml-layout":"","theme-transparent-header-meta":"default","adv-header-id-meta":"","stick-header-meta":"","header-above-stick-meta":"","header-main-stick-meta":"","header-below-stick-meta":"","astra-migrate-meta-layouts":"default","ast-page-background-enabled":"default","ast-page-background-meta":{"desktop":{"background-color":"var(--ast-global-color-4)","background-image":"","background-repeat":"repeat","background-position":"center center","background-size":"auto","background-attachment":"scroll","background-type":"","background-media":"","overlay-type":"","overlay-color":"","overlay-opacity":"","overlay-gradient":""},"tablet":{"background-color":"","background-image":"","background-repeat":"repeat","background-position":"center center","background-size":"auto","background-attachment":"scroll","background-type":"","background-media":"","overlay-type":"","overlay-color":"","overlay-opacity":"","overlay-gradient":""},"mobile":{"background-color":"","background-image":"","background-repeat":"repeat","background-position":"center center","background-size":"auto","background-attachment":"scroll","background-type":"","background-media":"","overlay-type":"","overlay-color":"","overlay-opacity":"","overlay-gradient":""}},"ast-content-background-meta":{"desktop":{"background-color":"var(--ast-global-color-5)","background-image":"","background-repeat":"repeat","background-position":"center center","background-size":"auto","background-attachment":"scroll","background-type":"","background-media":"","overlay-type":"","overlay-color":"","overlay-opacity":"","overlay-gradient":""},"tablet":{"background-color":"var(--ast-global-color-5)","background-image":"","background-repeat":"repeat","background-position":"center center","background-size":"auto","background-attachment":"scroll","background-type":"","background-media":"","overlay-type":"","overlay-color":"","overlay-opacity":"","overlay-gradient":""},"mobile":{"background-color":"var(--ast-global-color-5)","background-image":"","background-repeat":"repeat","background-position":"center center","background-size":"auto","background-attachment":"scroll","background-type":"","background-media":"","overlay-type":"","overlay-color":"","overlay-opacity":"","overlay-gradient":""}},"footnotes":""},"class_list":["post-157","page","type-page","status-publish","hentry"],"_links":{"self":[{"href":"http:\/\/guerreroesprimero.org.mx\/index.php?rest_route=\/wp\/v2\/pages\/157","targetHints":{"allow":["GET"]}}],"collection":[{"href":"http:\/\/guerreroesprimero.org.mx\/index.php?rest_route=\/wp\/v2\/pages"}],"about":[{"href":"http:\/\/guerreroesprimero.org.mx\/index.php?rest_route=\/wp\/v2\/types\/page"}],"author":[{"embeddable":true,"href":"http:\/\/guerreroesprimero.org.mx\/index.php?rest_route=\/wp\/v2\/users\/3"}],"replies":[{"embeddable":true,"href":"http:\/\/guerreroesprimero.org.mx\/index.php?rest_route=%2Fwp%2Fv2%2Fcomments&post=157"}],"version-history":[{"count":46,"href":"http:\/\/guerreroesprimero.org.mx\/index.php?rest_route=\/wp\/v2\/pages\/157\/revisions"}],"predecessor-version":[{"id":1691,"href":"http:\/\/guerreroesprimero.org.mx\/index.php?rest_route=\/wp\/v2\/pages\/157\/revisions\/1691"}],"wp:attachment":[{"href":"http:\/\/guerreroesprimero.org.mx\/index.php?rest_route=%2Fwp%2Fv2%2Fmedia&parent=157"}],"curies":[{"name":"wp","href":"https:\/\/api.w.org\/{rel}","templated":true}]}}