{"id":1224,"date":"2025-02-17T17:01:59","date_gmt":"2025-02-17T17:01:59","guid":{"rendered":"http:\/\/guerreroesprimero.org.mx\/?page_id=1224"},"modified":"2025-02-18T16:12:07","modified_gmt":"2025-02-18T16:12:07","slug":"pagina-xxiv-encuentro","status":"publish","type":"page","link":"http:\/\/guerreroesprimero.org.mx\/?page_id=1224","title":{"rendered":"XXIV Encuentro"},"content":{"rendered":"\t\t<div data-elementor-type=\"wp-page\" data-elementor-id=\"1224\" class=\"elementor elementor-1224\" data-elementor-post-type=\"page\">\n\t\t\t\t\t\t<section class=\"elementor-section elementor-top-section elementor-element elementor-element-8475539 elementor-section-boxed elementor-section-height-default elementor-section-height-default\" data-id=\"8475539\" data-element_type=\"section\">\n\t\t\t\t\t\t<div class=\"elementor-container elementor-column-gap-default\">\n\t\t\t\t\t<div class=\"elementor-column elementor-col-100 elementor-top-column elementor-element elementor-element-76fc7f7\" data-id=\"76fc7f7\" data-element_type=\"column\">\n\t\t\t<div class=\"elementor-widget-wrap elementor-element-populated\">\n\t\t\t\t\t\t<div class=\"elementor-element elementor-element-b586727 elementor-widget elementor-widget-text-editor\" data-id=\"b586727\" data-element_type=\"widget\" data-widget_type=\"text-editor.default\">\n\t\t\t\t<div class=\"elementor-widget-container\">\n\t\t\t\t\t\t\t\t\t<h4 style=\"text-align: center;\"><span style=\"color: #000000;\" data-darkreader-inline-color=\"\"><strong>XXIV Encuentro<\/strong><\/span><\/h4>\t\t\t\t\t\t\t\t<\/div>\n\t\t\t\t<\/div>\n\t\t\t\t\t<\/div>\n\t\t<\/div>\n\t\t\t\t\t<\/div>\n\t\t<\/section>\n\t\t\t\t<section class=\"elementor-section elementor-top-section elementor-element elementor-element-3cedd69 elementor-section-boxed elementor-section-height-default elementor-section-height-default\" data-id=\"3cedd69\" data-element_type=\"section\">\n\t\t\t\t\t\t<div class=\"elementor-container elementor-column-gap-default\">\n\t\t\t\t\t<div class=\"elementor-column elementor-col-100 elementor-top-column elementor-element elementor-element-8b76613\" data-id=\"8b76613\" data-element_type=\"column\">\n\t\t\t<div class=\"elementor-widget-wrap elementor-element-populated\">\n\t\t\t\t\t\t<div class=\"elementor-element elementor-element-8c04991 elementor-widget elementor-widget-text-editor\" data-id=\"8c04991\" data-element_type=\"widget\" data-widget_type=\"text-editor.default\">\n\t\t\t\t<div class=\"elementor-widget-container\">\n\t\t\t\t\t\t\t\t\t<p><span style=\"color: #000000;\">Despu\u00e9s de m\u00e1s de un a\u00f1o desde el \u00faltimo Encuentro de Guerrero es Primero (septiembre 2023), nos reunimos para compartir acciones tras los impactos de los huracanes Otis y John, y generar propuestas ante las vulnerabilidades socioecon\u00f3micas y ambientales de Acapulco y la regi\u00f3n.<\/span><\/p>\t\t\t\t\t\t\t\t<\/div>\n\t\t\t\t<\/div>\n\t\t\t\t\t<\/div>\n\t\t<\/div>\n\t\t\t\t\t<\/div>\n\t\t<\/section>\n\t\t\t\t<section class=\"elementor-section elementor-top-section elementor-element elementor-element-6038447 elementor-section-boxed elementor-section-height-default elementor-section-height-default\" data-id=\"6038447\" data-element_type=\"section\">\n\t\t\t\t\t\t<div class=\"elementor-container elementor-column-gap-default\">\n\t\t\t\t\t<div class=\"elementor-column elementor-col-100 elementor-top-column elementor-element elementor-element-e86b6b2\" data-id=\"e86b6b2\" data-element_type=\"column\">\n\t\t\t<div class=\"elementor-widget-wrap elementor-element-populated\">\n\t\t\t\t\t\t<div class=\"elementor-element elementor-element-a8bf596 elementor-widget elementor-widget-text-editor\" data-id=\"a8bf596\" data-element_type=\"widget\" data-widget_type=\"text-editor.default\">\n\t\t\t\t<div class=\"elementor-widget-container\">\n\t\t\t\t\t\t\t\t\t<h6><b>Documentos de consulta<\/b><\/h6><h6><a href=\"http:\/\/guerreroesprimero.org.mx\/wp-content\/uploads\/2025\/02\/Resumen-XXIV-Encuentro_VF.pdf\">Resumen del XXIV Encuentro<\/a><\/h6><h6><a href=\"http:\/\/guerreroesprimero.org.mx\/wp-content\/uploads\/2025\/02\/Informe-Comite-Social-Acapulco-Coyuca-Nov-2023-Nov-2024.pdf\">Informe Comit\u00e9\u0301 Social Acapulco Coyuca Noviembre 2023-Octubre 2024<\/a><\/h6><h6>\u00a0<\/h6><h6>\u00a0<\/h6>\t\t\t\t\t\t\t\t<\/div>\n\t\t\t\t<\/div>\n\t\t\t\t\t<\/div>\n\t\t<\/div>\n\t\t\t\t\t<\/div>\n\t\t<\/section>\n\t\t\t\t<\/div>\n\t\t","protected":false},"excerpt":{"rendered":"<p>XXIV Encuentro Despu\u00e9s de m\u00e1s de un a\u00f1o desde el \u00faltimo Encuentro de Guerrero es Primero (septiembre 2023), nos reunimos para compartir acciones tras los impactos de los huracanes Otis y John, y generar propuestas ante las vulnerabilidades socioecon\u00f3micas y ambientales de Acapulco y la regi\u00f3n. Documentos de consulta Resumen del XXIV Encuentro Informe Comit\u00e9\u0301 [&hellip;]<\/p>\n","protected":false},"author":4,"featured_media":0,"parent":612,"menu_order":13,"comment_status":"closed","ping_status":"closed","template":"","meta":{"site-sidebar-layout":"no-sidebar","site-content-layout":"page-builder","ast-site-content-layout":"","site-content-style":"default","site-sidebar-style":"default","ast-global-header-display":"","ast-banner-title-visibility":"","ast-main-header-display":"","ast-hfb-above-header-display":"","ast-hfb-below-header-display":"","ast-hfb-mobile-header-display":"","site-post-title":"disabled","ast-breadcrumbs-content":"","ast-featured-img":"disabled","footer-sml-layout":"","theme-transparent-header-meta":"default","adv-header-id-meta":"","stick-header-meta":"","header-above-stick-meta":"","header-main-stick-meta":"","header-below-stick-meta":"","astra-migrate-meta-layouts":"default","ast-page-background-enabled":"default","ast-page-background-meta":{"desktop":{"background-color":"var(--ast-global-color-4)","background-image":"","background-repeat":"repeat","background-position":"center center","background-size":"auto","background-attachment":"scroll","background-type":"","background-media":"","overlay-type":"","overlay-color":"","overlay-opacity":"","overlay-gradient":""},"tablet":{"background-color":"","background-image":"","background-repeat":"repeat","background-position":"center center","background-size":"auto","background-attachment":"scroll","background-type":"","background-media":"","overlay-type":"","overlay-color":"","overlay-opacity":"","overlay-gradient":""},"mobile":{"background-color":"","background-image":"","background-repeat":"repeat","background-position":"center center","background-size":"auto","background-attachment":"scroll","background-type":"","background-media":"","overlay-type":"","overlay-color":"","overlay-opacity":"","overlay-gradient":""}},"ast-content-background-meta":{"desktop":{"background-color":"var(--ast-global-color-5)","background-image":"","background-repeat":"repeat","background-position":"center center","background-size":"auto","background-attachment":"scroll","background-type":"","background-media":"","overlay-type":"","overlay-color":"","overlay-opacity":"","overlay-gradient":""},"tablet":{"background-color":"var(--ast-global-color-5)","background-image":"","background-repeat":"repeat","background-position":"center center","background-size":"auto","background-attachment":"scroll","background-type":"","background-media":"","overlay-type":"","overlay-color":"","overlay-opacity":"","overlay-gradient":""},"mobile":{"background-color":"var(--ast-global-color-5)","background-image":"","background-repeat":"repeat","background-position":"center center","background-size":"auto","background-attachment":"scroll","background-type":"","background-media":"","overlay-type":"","overlay-color":"","overlay-opacity":"","overlay-gradient":""}},"footnotes":""},"class_list":["post-1224","page","type-page","status-publish","hentry"],"_links":{"self":[{"href":"http:\/\/guerreroesprimero.org.mx\/index.php?rest_route=\/wp\/v2\/pages\/1224","targetHints":{"allow":["GET"]}}],"collection":[{"href":"http:\/\/guerreroesprimero.org.mx\/index.php?rest_route=\/wp\/v2\/pages"}],"about":[{"href":"http:\/\/guerreroesprimero.org.mx\/index.php?rest_route=\/wp\/v2\/types\/page"}],"author":[{"embeddable":true,"href":"http:\/\/guerreroesprimero.org.mx\/index.php?rest_route=\/wp\/v2\/users\/4"}],"replies":[{"embeddable":true,"href":"http:\/\/guerreroesprimero.org.mx\/index.php?rest_route=%2Fwp%2Fv2%2Fcomments&post=1224"}],"version-history":[{"count":11,"href":"http:\/\/guerreroesprimero.org.mx\/index.php?rest_route=\/wp\/v2\/pages\/1224\/revisions"}],"predecessor-version":[{"id":1358,"href":"http:\/\/guerreroesprimero.org.mx\/index.php?rest_route=\/wp\/v2\/pages\/1224\/revisions\/1358"}],"up":[{"embeddable":true,"href":"http:\/\/guerreroesprimero.org.mx\/index.php?rest_route=\/wp\/v2\/pages\/612"}],"wp:attachment":[{"href":"http:\/\/guerreroesprimero.org.mx\/index.php?rest_route=%2Fwp%2Fv2%2Fmedia&parent=1224"}],"curies":[{"name":"wp","href":"https:\/\/api.w.org\/{rel}","templated":true}]}}