{"id":1221,"date":"2025-02-17T16:42:33","date_gmt":"2025-02-17T16:42:33","guid":{"rendered":"http:\/\/guerreroesprimero.org.mx\/?page_id=1221"},"modified":"2025-02-17T20:49:16","modified_gmt":"2025-02-17T20:49:16","slug":"pagina-xxii-encuentro","status":"publish","type":"page","link":"http:\/\/guerreroesprimero.org.mx\/?page_id=1221","title":{"rendered":"XXII Encuentro"},"content":{"rendered":"\t\t<div data-elementor-type=\"wp-page\" data-elementor-id=\"1221\" class=\"elementor elementor-1221\" data-elementor-post-type=\"page\">\n\t\t\t\t\t\t<section class=\"elementor-section elementor-top-section elementor-element elementor-element-8475539 elementor-section-boxed elementor-section-height-default elementor-section-height-default\" data-id=\"8475539\" data-element_type=\"section\">\n\t\t\t\t\t\t<div class=\"elementor-container elementor-column-gap-default\">\n\t\t\t\t\t<div class=\"elementor-column elementor-col-100 elementor-top-column elementor-element elementor-element-76fc7f7\" data-id=\"76fc7f7\" data-element_type=\"column\">\n\t\t\t<div class=\"elementor-widget-wrap elementor-element-populated\">\n\t\t\t\t\t\t<div class=\"elementor-element elementor-element-b586727 elementor-widget elementor-widget-text-editor\" data-id=\"b586727\" data-element_type=\"widget\" data-widget_type=\"text-editor.default\">\n\t\t\t\t<div class=\"elementor-widget-container\">\n\t\t\t\t\t\t\t\t\t<h4 style=\"text-align: center;\"><span style=\"color: #000000;\" data-darkreader-inline-color=\"\"><strong>XXII Encuentro<\/strong><\/span><\/h4>\t\t\t\t\t\t\t\t<\/div>\n\t\t\t\t<\/div>\n\t\t\t\t\t<\/div>\n\t\t<\/div>\n\t\t\t\t\t<\/div>\n\t\t<\/section>\n\t\t\t\t<section class=\"elementor-section elementor-top-section elementor-element elementor-element-3cedd69 elementor-section-boxed elementor-section-height-default elementor-section-height-default\" data-id=\"3cedd69\" data-element_type=\"section\">\n\t\t\t\t\t\t<div class=\"elementor-container elementor-column-gap-default\">\n\t\t\t\t\t<div class=\"elementor-column elementor-col-100 elementor-top-column elementor-element elementor-element-8b76613\" data-id=\"8b76613\" data-element_type=\"column\">\n\t\t\t<div class=\"elementor-widget-wrap elementor-element-populated\">\n\t\t\t\t\t\t<div class=\"elementor-element elementor-element-8c04991 elementor-widget elementor-widget-text-editor\" data-id=\"8c04991\" data-element_type=\"widget\" data-widget_type=\"text-editor.default\">\n\t\t\t\t<div class=\"elementor-widget-container\">\n\t\t\t\t\t\t\t\t\t<p><span style=\"color: #000000;\">En este Encuentro se analizaron las formas de colaboraci\u00f3n entre quienes participamos en Guerrero es Primero y los colectivos de v\u00edctimas de las violencias; se present\u00f3 la Gu\u00eda para la instalaci\u00f3n y operaci\u00f3n de Comit\u00e9s municipales de Construcci\u00f3n de Paz y Reconciliaci\u00f3n en Guerrero; y se reflexion\u00f3 sobre posibles propuestas de continuidad de Guerrero es Primero. <\/span><\/p>\t\t\t\t\t\t\t\t<\/div>\n\t\t\t\t<\/div>\n\t\t\t\t\t<\/div>\n\t\t<\/div>\n\t\t\t\t\t<\/div>\n\t\t<\/section>\n\t\t\t\t<section class=\"elementor-section elementor-top-section elementor-element elementor-element-6038447 elementor-section-boxed elementor-section-height-default elementor-section-height-default\" data-id=\"6038447\" data-element_type=\"section\">\n\t\t\t\t\t\t<div class=\"elementor-container elementor-column-gap-default\">\n\t\t\t\t\t<div class=\"elementor-column elementor-col-100 elementor-top-column elementor-element elementor-element-e86b6b2\" data-id=\"e86b6b2\" data-element_type=\"column\">\n\t\t\t<div class=\"elementor-widget-wrap elementor-element-populated\">\n\t\t\t\t\t\t<div class=\"elementor-element elementor-element-a8bf596 elementor-widget elementor-widget-text-editor\" data-id=\"a8bf596\" data-element_type=\"widget\" data-widget_type=\"text-editor.default\">\n\t\t\t\t<div class=\"elementor-widget-container\">\n\t\t\t\t\t\t\t\t\t<h6><b>Documentos de consulta<\/b><\/h6><h6><a href=\"http:\/\/guerreroesprimero.org.mx\/wp-content\/uploads\/2025\/02\/Resumen-XXII-Encuentro-Guerrero-es-Primero-V3.pdf\">Resumen del XXII Encuentro<\/a><\/h6><h6><a href=\"http:\/\/guerreroesprimero.org.mx\/wp-content\/uploads\/2025\/02\/Actividades-septiembre-2022-abril-2023.pdf\">Actividades septiembre 2022-abril 2023<\/a><\/h6><h6><a href=\"http:\/\/guerreroesprimero.org.mx\/wp-content\/uploads\/2025\/02\/Guerrero-es-Primero-su-accion-por-la-Paz-y-la-propuesta-de-Comites-de-paz.pdf\">Guerrero es Primero, su accio\u0301n por la Paz y la propuesta de Comite\u0301s de paz<\/a><\/h6><h6><a href=\"http:\/\/guerreroesprimero.org.mx\/wp-content\/uploads\/2025\/02\/Guia-instalacion-y-operacion-Comites-municipales-intermunicipales-o-regionales-para-la-Construccion-de-Paz-y-Reconciliacion.pdf\">Gui\u0301a instalacio\u0301n y operacio\u0301n Comite\u0301s municipales, intermunicipales o regionales para la Construccio\u0301n de Paz y Reconciliacio\u0301n<\/a><\/h6><h6><a href=\"http:\/\/guerreroesprimero.org.mx\/wp-content\/uploads\/2025\/02\/Necesidades-y-responsables-de-respuesta-a-las-violencias-en-Guerrero.pdf\">Necesidades y responsables de respuesta a las violencias en Guerrero<\/a><\/h6><h6><a href=\"http:\/\/guerreroesprimero.org.mx\/wp-content\/uploads\/2025\/02\/Situacion-financiera-de-Guerrero-es-Primero-mayo-2023.pdf\">Situacio\u0301n financiera de Guerrero es Primero, mayo 2023<\/a><\/h6><p>\u00a0<\/p><p>\u00a0<\/p><p>\u00a0<\/p><h6>\u00a0<\/h6><h6>\u00a0<\/h6>\t\t\t\t\t\t\t\t<\/div>\n\t\t\t\t<\/div>\n\t\t\t\t\t<\/div>\n\t\t<\/div>\n\t\t\t\t\t<\/div>\n\t\t<\/section>\n\t\t\t\t<\/div>\n\t\t","protected":false},"excerpt":{"rendered":"<p>XXII Encuentro En este Encuentro se analizaron las formas de colaboraci\u00f3n entre quienes participamos en Guerrero es Primero y los colectivos de v\u00edctimas de las violencias; se present\u00f3 la Gu\u00eda para la instalaci\u00f3n y operaci\u00f3n de Comit\u00e9s municipales de Construcci\u00f3n de Paz y Reconciliaci\u00f3n en Guerrero; y se reflexion\u00f3 sobre posibles propuestas de continuidad de [&hellip;]<\/p>\n","protected":false},"author":4,"featured_media":0,"parent":612,"menu_order":13,"comment_status":"closed","ping_status":"closed","template":"","meta":{"site-sidebar-layout":"no-sidebar","site-content-layout":"page-builder","ast-site-content-layout":"","site-content-style":"default","site-sidebar-style":"default","ast-global-header-display":"","ast-banner-title-visibility":"","ast-main-header-display":"","ast-hfb-above-header-display":"","ast-hfb-below-header-display":"","ast-hfb-mobile-header-display":"","site-post-title":"disabled","ast-breadcrumbs-content":"","ast-featured-img":"disabled","footer-sml-layout":"","theme-transparent-header-meta":"default","adv-header-id-meta":"","stick-header-meta":"","header-above-stick-meta":"","header-main-stick-meta":"","header-below-stick-meta":"","astra-migrate-meta-layouts":"default","ast-page-background-enabled":"default","ast-page-background-meta":{"desktop":{"background-color":"var(--ast-global-color-4)","background-image":"","background-repeat":"repeat","background-position":"center center","background-size":"auto","background-attachment":"scroll","background-type":"","background-media":"","overlay-type":"","overlay-color":"","overlay-opacity":"","overlay-gradient":""},"tablet":{"background-color":"","background-image":"","background-repeat":"repeat","background-position":"center center","background-size":"auto","background-attachment":"scroll","background-type":"","background-media":"","overlay-type":"","overlay-color":"","overlay-opacity":"","overlay-gradient":""},"mobile":{"background-color":"","background-image":"","background-repeat":"repeat","background-position":"center center","background-size":"auto","background-attachment":"scroll","background-type":"","background-media":"","overlay-type":"","overlay-color":"","overlay-opacity":"","overlay-gradient":""}},"ast-content-background-meta":{"desktop":{"background-color":"var(--ast-global-color-5)","background-image":"","background-repeat":"repeat","background-position":"center center","background-size":"auto","background-attachment":"scroll","background-type":"","background-media":"","overlay-type":"","overlay-color":"","overlay-opacity":"","overlay-gradient":""},"tablet":{"background-color":"var(--ast-global-color-5)","background-image":"","background-repeat":"repeat","background-position":"center center","background-size":"auto","background-attachment":"scroll","background-type":"","background-media":"","overlay-type":"","overlay-color":"","overlay-opacity":"","overlay-gradient":""},"mobile":{"background-color":"var(--ast-global-color-5)","background-image":"","background-repeat":"repeat","background-position":"center center","background-size":"auto","background-attachment":"scroll","background-type":"","background-media":"","overlay-type":"","overlay-color":"","overlay-opacity":"","overlay-gradient":""}},"footnotes":""},"class_list":["post-1221","page","type-page","status-publish","hentry"],"_links":{"self":[{"href":"http:\/\/guerreroesprimero.org.mx\/index.php?rest_route=\/wp\/v2\/pages\/1221","targetHints":{"allow":["GET"]}}],"collection":[{"href":"http:\/\/guerreroesprimero.org.mx\/index.php?rest_route=\/wp\/v2\/pages"}],"about":[{"href":"http:\/\/guerreroesprimero.org.mx\/index.php?rest_route=\/wp\/v2\/types\/page"}],"author":[{"embeddable":true,"href":"http:\/\/guerreroesprimero.org.mx\/index.php?rest_route=\/wp\/v2\/users\/4"}],"replies":[{"embeddable":true,"href":"http:\/\/guerreroesprimero.org.mx\/index.php?rest_route=%2Fwp%2Fv2%2Fcomments&post=1221"}],"version-history":[{"count":8,"href":"http:\/\/guerreroesprimero.org.mx\/index.php?rest_route=\/wp\/v2\/pages\/1221\/revisions"}],"predecessor-version":[{"id":1324,"href":"http:\/\/guerreroesprimero.org.mx\/index.php?rest_route=\/wp\/v2\/pages\/1221\/revisions\/1324"}],"up":[{"embeddable":true,"href":"http:\/\/guerreroesprimero.org.mx\/index.php?rest_route=\/wp\/v2\/pages\/612"}],"wp:attachment":[{"href":"http:\/\/guerreroesprimero.org.mx\/index.php?rest_route=%2Fwp%2Fv2%2Fmedia&parent=1221"}],"curies":[{"name":"wp","href":"https:\/\/api.w.org\/{rel}","templated":true}]}}